{"id":45,"date":"2017-02-16T09:17:12","date_gmt":"2017-02-16T08:17:12","guid":{"rendered":"http:\/\/mxajfmgl.preview.infomaniak.website\/?page_id=45"},"modified":"2026-02-02T17:09:49","modified_gmt":"2026-02-02T16:09:49","slug":"contact","status":"publish","type":"page","link":"https:\/\/dashochbett.ch\/en\/contact\/","title":{"rendered":"CONTACT"},"content":{"rendered":"<p>[et_pb_section fb_built=&#187;1&#8243; fullwidth=&#187;on&#187; admin_label=&#187;Section&#187; _builder_version=&#187;4.16&#8243; custom_padding=&#187;0px|0px|0px|0px&#187; transparent_background=&#187;off&#187; make_fullwidth=&#187;off&#187; use_custom_width=&#187;off&#187; width_unit=&#187;off&#187; custom_width_px=&#187;1080px&#187; custom_width_percent=&#187;80%&#187; global_colors_info=&#187;{}&#187;][et_pb_fullwidth_slider admin_label=&#187;Curseur de d\u00e9filement plein \u00e9cran&#187; _builder_version=&#187;4.21.0&#8243; custom_padding=&#187;|||&#187; custom_padding_tablet=&#187;|||&#187; custom_padding_phone=&#187;|||&#187; button_letter_spacing_hover=&#187;0&#8243; remove_inner_shadow=&#187;on&#187; hide_content_on_mobile=&#187;off&#187; hide_cta_on_mobile=&#187;off&#187; show_inner_shadow=&#187;off&#187; global_colors_info=&#187;{}&#187; button_text_size__hover_enabled=&#187;off&#187; button_one_text_size__hover_enabled=&#187;off&#187; button_two_text_size__hover_enabled=&#187;off&#187; button_text_color__hover_enabled=&#187;off&#187; button_one_text_color__hover_enabled=&#187;off&#187; button_two_text_color__hover_enabled=&#187;off&#187; button_border_width__hover_enabled=&#187;off&#187; button_one_border_width__hover_enabled=&#187;off&#187; button_two_border_width__hover_enabled=&#187;off&#187; button_border_color__hover_enabled=&#187;off&#187; button_one_border_color__hover_enabled=&#187;off&#187; button_two_border_color__hover_enabled=&#187;off&#187; button_border_radius__hover_enabled=&#187;off&#187; button_one_border_radius__hover_enabled=&#187;off&#187; button_two_border_radius__hover_enabled=&#187;off&#187; button_letter_spacing__hover_enabled=&#187;on&#187; button_letter_spacing__hover=&#187;0&#8243; button_one_letter_spacing__hover_enabled=&#187;off&#187; button_two_letter_spacing__hover_enabled=&#187;off&#187; button_bg_color__hover_enabled=&#187;off&#187; button_one_bg_color__hover_enabled=&#187;off&#187; button_two_bg_color__hover_enabled=&#187;off&#187;][et_pb_slide heading=&#187;Kontaktieren Sie uns!&#187; use_bg_overlay=&#187;on&#187; bg_overlay_color=&#187;rgba(0,0,0,0.5)&#187; use_text_overlay=&#187;off&#187; _builder_version=&#187;4.21.0&#8243; header_font=&#187;||||&#187; header_font_size=&#187;85&#8243; body_font=&#187;||||&#187; body_line_height=&#187;1.5em&#187; background_color=&#187;#000000&#8243; background_image=&#187;https:\/\/new.dashochbett.ch\/wp-content\/uploads\/2023\/07\/C0B8C605-E17F-445A-8BAD-21F4E2B72186.jpeg&#187; background_enable_image=&#187;on&#187; custom_button=&#187;on&#187; button_text_size=&#187;16&#8243; button_text_color=&#187;#ffffff&#187; button_border_color=&#187;#ffffff&#187; button_font=&#187;||||&#187; button_use_icon=&#187;off&#187; header_font_size_tablet=&#187;80px&#187; header_font_size_phone=&#187;50px&#187; header_font_size_last_edited=&#187;on|phone&#187; button_text_size_tablet=&#187;16&#8243; button_text_size_phone=&#187;16&#8243; button_text_color_hover=&#187;#666666&#8243; button_bg_color_hover=&#187;#ffffff&#187; global_colors_info=&#187;{}&#187; button_text_size__hover_enabled=&#187;off&#187; button_one_text_size__hover_enabled=&#187;off&#187; button_two_text_size__hover_enabled=&#187;off&#187; button_text_color__hover_enabled=&#187;on&#187; button_text_color__hover=&#187;#666666&#8243; button_one_text_color__hover_enabled=&#187;off&#187; button_two_text_color__hover_enabled=&#187;off&#187; button_border_width__hover_enabled=&#187;off&#187; button_one_border_width__hover_enabled=&#187;off&#187; button_two_border_width__hover_enabled=&#187;off&#187; button_border_color__hover_enabled=&#187;off&#187; button_one_border_color__hover_enabled=&#187;off&#187; button_two_border_color__hover_enabled=&#187;off&#187; button_border_radius__hover_enabled=&#187;off&#187; button_one_border_radius__hover_enabled=&#187;off&#187; button_two_border_radius__hover_enabled=&#187;off&#187; button_letter_spacing__hover_enabled=&#187;off&#187; button_one_letter_spacing__hover_enabled=&#187;off&#187; button_two_letter_spacing__hover_enabled=&#187;off&#187; button_bg_color__hover_enabled=&#187;on&#187; button_bg_color__hover=&#187;#ffffff&#187; button_one_bg_color__hover_enabled=&#187;off&#187; button_two_bg_color__hover_enabled=&#187;off&#187; sticky_transition=&#187;on&#187;][\/et_pb_slide][\/et_pb_fullwidth_slider][\/et_pb_section][et_pb_section fb_built=&#187;1&#8243; specialty=&#187;on&#187; admin_label=&#187;section&#187; _builder_version=&#187;4.16&#8243; custom_padding=&#187;30px|0px|0px|0px&#187; transparent_background=&#187;off&#187; make_fullwidth=&#187;off&#187; use_custom_width=&#187;off&#187; width_unit=&#187;off&#187; custom_width_px=&#187;1080px&#187; custom_width_percent=&#187;80%&#187; global_colors_info=&#187;{}&#187;][et_pb_column type=&#187;1_2&#8243; specialty_columns=&#187;2&#8243; _builder_version=&#187;4.16&#8243; custom_padding=&#187;|||&#187; global_colors_info=&#187;{}&#187; custom_padding__hover=&#187;|||&#187;][et_pb_row_inner admin_label=&#187;row_inner&#187; _builder_version=&#187;4.16&#8243; global_colors_info=&#187;{}&#187;][et_pb_column_inner saved_specialty_column_type=&#187;1_2&#8243; _builder_version=&#187;4.16&#8243; custom_padding=&#187;|||&#187; global_colors_info=&#187;{}&#187; custom_padding__hover=&#187;|||&#187;][et_pb_text admin_label=&#187;Text&#187; _builder_version=&#187;4.21.0&#8243; text_line_height=&#187;1.5em&#187; background_size=&#187;initial&#187; background_position=&#187;top_left&#187; background_repeat=&#187;repeat&#187; use_border_color=&#187;off&#187; border_style=&#187;solid&#187; global_colors_info=&#187;{}&#187;]<\/p>\n<h1>CONTACT<\/h1>\n<p>&nbsp;<\/p>\n<p>Kontaktieren Sie uns, um zu besprechen, wie wir Ihnen bei der Realisierung Ihres Projekts helfen k\u00f6nnen.<\/p>\n<p>Um so effizient wie m\u00f6glich zu sein, empfehlen wir Ihnen, einige Informationen vorher vorzubereiten! Daher sollten Sie \u00fcber die Ma\u00dfe Ihres Raumes (H\u00f6he, Breite und L\u00e4nge) sowie die Zusammensetzung der Wand (Beton, Ziegel, Gipskarton) verf\u00fcgen. Nat\u00fcrlich w\u00e4ren einige Bilder noch besser, aber es kann sp\u00e4ter kommen \ud83d\ude42<\/p>\n<p>Ein Visualizierung und Konzept mit einer Offerte braucht (Viel) Zeit. Wenn Sie nur neugirig \u00fcber einer L\u00f6sung, gern beraten wir euch. Eine Besuch ist am meistens nicht n\u00f6tig als wir mit Pl\u00e4nen und fotos ganz gut arbeiten. Wenn wir eine Besuch vor Ort (weiter als 40km von Thun) organizieren m\u00fcssen, m\u00fcssen wir dann ein Pauschale von 200.- berechnen. Davon werden 100.- zur\u00fcck gezogen von Offerte am Bestellung.<\/p>\n<p>Direkt Email: anfrage &#8211; at &#8211; dashochbett.ch<\/p>\n<p>[\/et_pb_text][\/et_pb_column_inner][\/et_pb_row_inner][et_pb_row_inner custom_padding_last_edited=&#187;on|phone&#187; admin_label=&#187;row_inner&#187; _builder_version=&#187;4.16&#8243; custom_padding=&#187;0px|0px|0px|0px&#187; custom_padding_tablet=&#187;&#187; custom_padding_phone=&#187;&#187; global_colors_info=&#187;{}&#187;][et_pb_column_inner saved_specialty_column_type=&#187;1_2&#8243; _builder_version=&#187;4.16&#8243; custom_padding=&#187;|||&#187; global_colors_info=&#187;{}&#187; custom_padding__hover=&#187;|||&#187;][et_pb_contact_form email=&#187;anfrage@dashochbett.ch&#187; custom_message=&#187;Name: %%Name%%||et_pb_line_break_holder||||et_pb_line_break_holder||Email: %%Email%%||et_pb_line_break_holder||||et_pb_line_break_holder||Telefon: %%Telefon%%||et_pb_line_break_holder||||et_pb_line_break_holder||Wohnort: %%Wohnort_und_PLZ%%||et_pb_line_break_holder||||et_pb_line_break_holder||Adresse: %%Adresse%%||et_pb_line_break_holder||||et_pb_line_break_holder||Message: %%Ihre_Nachricht%%&#187; success_message=&#187;Danke f\u00fcr Ihre Kontaktaufnahme, wir werden sobald wie m\u00f6glich antworten. &#187; submit_button_text=&#187;Jetzt Schicken&#187; admin_label=&#187;Contact Form&#187; module_id=&#187;et_pb_contact_form_0&#8243; _builder_version=&#187;4.21.0&#8243; _unique_id=&#187;1f7e2b6f-1895-4067-9977-65fb0711f1bd&#187; custom_button=&#187;on&#187; button_text_size=&#187;16px&#187; button_use_icon=&#187;off&#187; border_radii=&#187;on|0px|0px|0px|0px&#187; use_border_color=&#187;off&#187; border_color=&#187;#ffffff&#187; border_width=&#187;1px&#187; border_style=&#187;solid&#187; input_border_radius=&#187;0&#8243; global_colors_info=&#187;{}&#187;][et_pb_contact_field field_id=&#187;Name&#187; field_title=&#187;Name*&#187; _builder_version=&#187;4.21.0&#8243; form_field_background_color=&#187;#ffffff&#187; form_field_text_color=&#187;#333333&#8243; border_radii=&#187;on|0px|0px|0px|0px&#187; border_width_all=&#187;1px&#187; border_color_all=&#187;#edecec&#187; border_style_all=&#187;solid&#187; use_border_color=&#187;on&#187; border_color=&#187;#edecec&#187; border_width=&#187;1px&#187; input_border_radius=&#187;0&#8243; field_background_color=&#187;#ffffff&#187; global_colors_info=&#187;{}&#187; button_text_size__hover_enabled=&#187;off&#187; button_one_text_size__hover_enabled=&#187;off&#187; button_two_text_size__hover_enabled=&#187;off&#187; button_text_color__hover_enabled=&#187;off&#187; button_one_text_color__hover_enabled=&#187;off&#187; button_two_text_color__hover_enabled=&#187;off&#187; button_border_width__hover_enabled=&#187;off&#187; button_one_border_width__hover_enabled=&#187;off&#187; button_two_border_width__hover_enabled=&#187;off&#187; button_border_color__hover_enabled=&#187;off&#187; button_one_border_color__hover_enabled=&#187;off&#187; button_two_border_color__hover_enabled=&#187;off&#187; button_border_radius__hover_enabled=&#187;off&#187; button_one_border_radius__hover_enabled=&#187;off&#187; button_two_border_radius__hover_enabled=&#187;off&#187; button_letter_spacing__hover_enabled=&#187;off&#187; button_one_letter_spacing__hover_enabled=&#187;off&#187; button_two_letter_spacing__hover_enabled=&#187;off&#187; button_bg_color__hover_enabled=&#187;off&#187; button_one_bg_color__hover_enabled=&#187;off&#187; button_two_bg_color__hover_enabled=&#187;off&#187;][\/et_pb_contact_field][et_pb_contact_field field_id=&#187;Email&#187; field_title=&#187;Email Adresse *&#187; field_type=&#187;email&#187; _builder_version=&#187;4.21.0&#8243; form_field_background_color=&#187;#ffffff&#187; form_field_text_color=&#187;#333333&#8243; border_radii=&#187;on|0px|0px|0px|0px&#187; border_width_all=&#187;1px&#187; border_color_all=&#187;#edecec&#187; border_style_all=&#187;solid&#187; use_border_color=&#187;on&#187; border_color=&#187;#edecec&#187; border_width=&#187;1px&#187; input_border_radius=&#187;0&#8243; field_background_color=&#187;#ffffff&#187; global_colors_info=&#187;{}&#187; button_text_size__hover_enabled=&#187;off&#187; button_one_text_size__hover_enabled=&#187;off&#187; button_two_text_size__hover_enabled=&#187;off&#187; button_text_color__hover_enabled=&#187;off&#187; button_one_text_color__hover_enabled=&#187;off&#187; button_two_text_color__hover_enabled=&#187;off&#187; button_border_width__hover_enabled=&#187;off&#187; button_one_border_width__hover_enabled=&#187;off&#187; button_two_border_width__hover_enabled=&#187;off&#187; button_border_color__hover_enabled=&#187;off&#187; button_one_border_color__hover_enabled=&#187;off&#187; button_two_border_color__hover_enabled=&#187;off&#187; button_border_radius__hover_enabled=&#187;off&#187; button_one_border_radius__hover_enabled=&#187;off&#187; button_two_border_radius__hover_enabled=&#187;off&#187; button_letter_spacing__hover_enabled=&#187;off&#187; button_one_letter_spacing__hover_enabled=&#187;off&#187; button_two_letter_spacing__hover_enabled=&#187;off&#187; button_bg_color__hover_enabled=&#187;off&#187; button_one_bg_color__hover_enabled=&#187;off&#187; button_two_bg_color__hover_enabled=&#187;off&#187;][\/et_pb_contact_field][et_pb_contact_field field_id=&#187;Telefon&#187; field_title=&#187;Telefon Nummer *&#187; fullwidth_field=&#187;on&#187; _builder_version=&#187;4.21.0&#8243; _module_preset=&#187;default&#187; form_field_background_color=&#187;#ffffff&#187; form_field_text_color=&#187;#333333&#8243; border_radii=&#187;on|0px|0px|0px|0px&#187; border_width_all=&#187;1px&#187; border_color_all=&#187;#edecec&#187; border_style_all=&#187;solid&#187; global_colors_info=&#187;{}&#187;][\/et_pb_contact_field][et_pb_contact_field field_id=&#187;Wohnort_und_PLZ&#187; field_title=&#187;Wohnort und PLZ*&#187; fullwidth_field=&#187;on&#187; _builder_version=&#187;4.21.0&#8243; _module_preset=&#187;default&#187; form_field_background_color=&#187;#ffffff&#187; form_field_text_color=&#187;#333333&#8243; border_radii=&#187;on|0px|0px|0px|0px&#187; border_width_all=&#187;1px&#187; border_color_all=&#187;#edecec&#187; border_style_all=&#187;solid&#187; global_colors_info=&#187;{}&#187;][\/et_pb_contact_field][et_pb_contact_field field_id=&#187;Adresse&#187; field_title=&#187;Adresse&#187; fullwidth_field=&#187;on&#187; _builder_version=&#187;4.21.0&#8243; _module_preset=&#187;default&#187; form_field_background_color=&#187;#ffffff&#187; form_field_text_color=&#187;#333333&#8243; border_radii=&#187;on|0px|0px|0px|0px&#187; border_width_all=&#187;1px&#187; border_color_all=&#187;#edecec&#187; border_style_all=&#187;solid&#187; global_colors_info=&#187;{}&#187;][\/et_pb_contact_field][et_pb_contact_field field_id=&#187;Ihre_Nachricht&#187; field_title=&#187;Ihre Nachricht*&#187; field_type=&#187;text&#187; fullwidth_field=&#187;on&#187; _builder_version=&#187;4.21.0&#8243; form_field_background_color=&#187;#ffffff&#187; form_field_text_color=&#187;#333333&#8243; border_radii=&#187;on|0px|0px|0px|0px&#187; border_width_all=&#187;1px&#187; border_color_all=&#187;#edecec&#187; border_style_all=&#187;solid&#187; use_border_color=&#187;on&#187; border_color=&#187;#edecec&#187; border_width=&#187;1px&#187; input_border_radius=&#187;0&#8243; field_background_color=&#187;#ffffff&#187; global_colors_info=&#187;{}&#187; button_text_size__hover_enabled=&#187;off&#187; button_one_text_size__hover_enabled=&#187;off&#187; button_two_text_size__hover_enabled=&#187;off&#187; button_text_color__hover_enabled=&#187;off&#187; button_one_text_color__hover_enabled=&#187;off&#187; button_two_text_color__hover_enabled=&#187;off&#187; button_border_width__hover_enabled=&#187;off&#187; button_one_border_width__hover_enabled=&#187;off&#187; button_two_border_width__hover_enabled=&#187;off&#187; button_border_color__hover_enabled=&#187;off&#187; button_one_border_color__hover_enabled=&#187;off&#187; button_two_border_color__hover_enabled=&#187;off&#187; button_border_radius__hover_enabled=&#187;off&#187; button_one_border_radius__hover_enabled=&#187;off&#187; button_two_border_radius__hover_enabled=&#187;off&#187; button_letter_spacing__hover_enabled=&#187;off&#187; button_one_letter_spacing__hover_enabled=&#187;off&#187; button_two_letter_spacing__hover_enabled=&#187;off&#187; button_bg_color__hover_enabled=&#187;off&#187; button_one_bg_color__hover_enabled=&#187;off&#187; button_two_bg_color__hover_enabled=&#187;off&#187;][\/et_pb_contact_field][\/et_pb_contact_form][\/et_pb_column_inner][\/et_pb_row_inner][\/et_pb_column][et_pb_column type=&#187;1_2&#8243; _builder_version=&#187;4.16&#8243; custom_padding=&#187;|||&#187; global_colors_info=&#187;{}&#187; custom_padding__hover=&#187;|||&#187;][et_pb_gallery gallery_ids=&#187;28911,28907,28890,28880&#8243; fullwidth=&#187;on&#187; admin_label=&#187;Gallery&#187; _builder_version=&#187;4.21.0&#8243; background_layout=&#187;dark&#187; use_border_color=&#187;off&#187; border_color=&#187;#ffffff&#187; border_width=&#187;1px&#187; border_style=&#187;solid&#187; global_colors_info=&#187;{}&#187;][\/et_pb_gallery][\/et_pb_column][\/et_pb_section][et_pb_section fb_built=&#187;1&#8243; admin_label=&#187;section&#187; _builder_version=&#187;4.16&#8243; transparent_background=&#187;off&#187; make_fullwidth=&#187;off&#187; use_custom_width=&#187;off&#187; width_unit=&#187;off&#187; custom_width_px=&#187;1080px&#187; custom_width_percent=&#187;80%&#187; global_colors_info=&#187;{}&#187;][et_pb_row column_structure=&#187;1_3,1_3,1_3&#8243; use_custom_gutter=&#187;on&#187; gutter_width=&#187;2&#8243; make_equal=&#187;on&#187; custom_padding_last_edited=&#187;on|tablet&#187; admin_label=&#187;row&#187; _builder_version=&#187;4.21.0&#8243; background_color=&#187;#dddddd&#187; background_size=&#187;initial&#187; background_position=&#187;top_left&#187; background_repeat=&#187;repeat&#187; width=&#187;100%&#187; max_width=&#187;2560px&#187; module_alignment=&#187;center&#187; custom_padding=&#187;30px|0px|30px|0px&#187; custom_padding_tablet=&#187;10px||40px|&#187; custom_padding_phone=&#187;&#187; make_fullwidth=&#187;off&#187; use_custom_width=&#187;off&#187; width_unit=&#187;off&#187; custom_width_px=&#187;1080px&#187; custom_width_percent=&#187;80%&#187; global_colors_info=&#187;{}&#187;][et_pb_column type=&#187;1_3&#8243; _builder_version=&#187;4.16&#8243; custom_padding=&#187;|||&#187; global_colors_info=&#187;{}&#187; custom_padding__hover=&#187;|||&#187;][et_pb_text admin_label=&#187;Text&#187; _builder_version=&#187;4.21.0&#8243; text_font_size=&#187;16px&#187; text_line_height=&#187;1em&#187; background_size=&#187;initial&#187; background_position=&#187;top_left&#187; background_repeat=&#187;repeat&#187; text_orientation=&#187;center&#187; module_alignment=&#187;center&#187; use_border_color=&#187;off&#187; border_style=&#187;solid&#187; global_colors_info=&#187;{}&#187;]<\/p>\n<p>Adresse :<\/p>\n<p>Gurzelen &#8211; Bern<\/p>\n<p>[\/et_pb_text][\/et_pb_column][et_pb_column type=&#187;1_3&#8243; _builder_version=&#187;4.16&#8243; custom_padding=&#187;|||&#187; global_colors_info=&#187;{}&#187; custom_padding__hover=&#187;|||&#187;][et_pb_text admin_label=&#187;Text&#187; _builder_version=&#187;4.21.0&#8243; text_font_size=&#187;16px&#187; text_line_height=&#187;1em&#187; background_size=&#187;initial&#187; background_position=&#187;top_left&#187; background_repeat=&#187;repeat&#187; text_orientation=&#187;center&#187; module_alignment=&#187;center&#187; custom_margin=&#187;|||&#187; custom_margin_tablet=&#187;10px|||&#187; custom_margin_phone=&#187;&#187; custom_margin_last_edited=&#187;on|phone&#187; hover_enabled=&#187;0&#8243; use_border_color=&#187;off&#187; border_style=&#187;solid&#187; global_colors_info=&#187;{}&#187; sticky_enabled=&#187;0&#8243;]<\/p>\n<p>Telefon (Olivier Jeannin)<\/p>\n<p><a href=\"tel:0782001988\">+41 78 200 19 88<\/a><\/p>\n<p>[\/et_pb_text][\/et_pb_column][et_pb_column type=&#187;1_3&#8243; _builder_version=&#187;4.16&#8243; custom_padding=&#187;|||&#187; global_colors_info=&#187;{}&#187; custom_padding__hover=&#187;|||&#187;][et_pb_text admin_label=&#187;Text&#187; _builder_version=&#187;4.21.0&#8243; text_font_size=&#187;16px&#187; text_line_height=&#187;1em&#187; background_size=&#187;initial&#187; background_position=&#187;top_left&#187; background_repeat=&#187;repeat&#187; text_orientation=&#187;center&#187; module_alignment=&#187;center&#187; custom_margin_tablet=&#187;10px|||&#187; custom_margin_phone=&#187;&#187; custom_margin_last_edited=&#187;on|phone&#187; use_border_color=&#187;off&#187; border_style=&#187;solid&#187; global_colors_info=&#187;{}&#187;]<\/p>\n<p>Erreichbar von<\/p>\n<p>Montag zu Freitag, 8 am &#8211; 6:30 pm<\/p>\n<p>[\/et_pb_text][\/et_pb_column][\/et_pb_row][\/et_pb_section][et_pb_section fb_built=&#187;1&#8243; admin_label=&#187;section&#187; _builder_version=&#187;4.16&#8243; transparent_background=&#187;off&#187; make_fullwidth=&#187;off&#187; use_custom_width=&#187;off&#187; width_unit=&#187;off&#187; custom_width_px=&#187;1080px&#187; custom_width_percent=&#187;80%&#187; global_colors_info=&#187;{}&#187;][et_pb_row column_structure=&#187;1_2,1_2&#8243; use_custom_gutter=&#187;on&#187; gutter_width=&#187;1&#8243; custom_padding_last_edited=&#187;on|phone&#187; admin_label=&#187;row&#187; module_class=&#187; et_pb_row_fullwidth&#187; _builder_version=&#187;4.16&#8243; background_size=&#187;initial&#187; background_position=&#187;top_left&#187; background_repeat=&#187;repeat&#187; width=&#187;100%&#187; width_tablet=&#187;100%&#187; width_phone=&#187;100%&#187; width_last_edited=&#187;on|desktop&#187; max_width=&#187;100%&#187; max_width_tablet=&#187;100%&#187; max_width_phone=&#187;100%&#187; max_width_last_edited=&#187;on|desktop&#187; custom_padding=&#187;90px|90px|30px|90px&#187; custom_padding_tablet=&#187;&#187; custom_padding_phone=&#187;90px|20px|30px|20px&#187; make_fullwidth=&#187;on&#187; use_custom_width=&#187;off&#187; width_unit=&#187;off&#187; custom_width_px=&#187;1080px&#187; custom_width_percent=&#187;80%&#187; global_colors_info=&#187;{}&#187;][et_pb_column type=&#187;1_2&#8243; _builder_version=&#187;4.16&#8243; custom_padding=&#187;|||&#187; global_colors_info=&#187;{}&#187; custom_padding__hover=&#187;|||&#187;][et_pb_code admin_label=&#187;Code&#187; _builder_version=&#187;4.16&#8243; global_colors_info=&#187;{}&#187;][\/et_pb_code][et_pb_text admin_label=&#187;Texte&#187; _builder_version=&#187;4.21.0&#8243; text_text_color=&#187;#9f9f9f&#187; background_size=&#187;initial&#187; background_position=&#187;top_left&#187; background_repeat=&#187;repeat&#187; text_orientation=&#187;center&#187; module_alignment=&#187;center&#187; custom_padding=&#187;||6px|||&#187; use_border_color=&#187;off&#187; border_style=&#187;solid&#187; locked=&#187;off&#187; global_colors_info=&#187;{}&#187;]<\/p>\n<p style=\"text-align: center;\"><img loading=\"lazy\" decoding=\"async\" src=\"https:\/\/new.dashochbett.ch\/wp-content\/uploads\/2023\/07\/Olivier_jeannin-1438-200x300.jpg\" width=\"200\" height=\"300\" alt=\"\" class=\"wp-image-28927 alignnone size-medium\" \/><\/p>\n<h3 style=\"text-align: center;\">Olivier Jeannin<\/h3>\n<p style=\"text-align: center;\">Founder Dashochbett.ch - Management\/ Builder - Professional photographer<\/p>\n<p style=\"text-align: center;\">\n<h5><strong>Verantwortlich f\u00fcr die deutschsprachige Schweiz<\/strong><\/h5>\n<p>Olivier Jeannin ist mit dem Herzen Handwerker, schon immer liebte er Materialien, ob nun Silber oder Holz. W\u00e4hrend eines Fotoprojekts in der Bretagne entdeckte er das Arbeiten mit Holz: Mit dem Vater seines Jugendfreunds Isaac, dem Gr\u00fcnder von mezzanines.ch, baute er Boote. Sp\u00e4ter kehrte Holz in Form von M\u00f6beln und Wohnausstattungen in Oliviers Leben zur\u00fcck, die er f\u00fcr sich pers\u00f6nlich sowie f\u00fcr Kunden herstellte.<\/p>\n<p style=\"text-align: center;\">In seiner fotographischen Arbeit fokussiert Olivier Jeannin (<a href=\"https:\/\/www.olivierjeannin.ch\">www.olivierjeannin.ch<\/a>)auf alte Techniken, in denen das Materielle greifbar wird \u2013 und er baut seine eigenen Kameras. Fotografie und Holzarbeit verschmelzen in der Suche nach Balance und Raffinesse, bei der die Materialien der Umgebung mit einbezogen werden. 2018 schliesst sich Olivier dem grossartigen Projekt \u00abmezzanines\u00bb (h\u00e4ngende Hochbetten) seines Jugendfreunds Issac an.<\/p>\n<p>[\/et_pb_text][\/et_pb_column][et_pb_column type=&#187;1_2&#8243; _builder_version=&#187;4.16&#8243; custom_padding=&#187;|||&#187; global_colors_info=&#187;{}&#187; custom_padding__hover=&#187;|||&#187;][et_pb_text admin_label=&#187;Texte&#187; _builder_version=&#187;4.21.0&#8243; text_text_color=&#187;#9f9f9f&#187; background_size=&#187;initial&#187; background_position=&#187;top_left&#187; background_repeat=&#187;repeat&#187; text_orientation=&#187;center&#187; module_alignment=&#187;center&#187; use_border_color=&#187;off&#187; border_style=&#187;solid&#187; locked=&#187;off&#187; global_colors_info=&#187;{}&#187;]<\/p>\n<p style=\"text-align: center;\"><img loading=\"lazy\" decoding=\"async\" src=\"https:\/\/new.dashochbett.ch\/wp-content\/uploads\/2023\/07\/Team_Mezz-8966-200x300.jpg\" width=\"200\" height=\"300\" alt=\"\" class=\"wp-image-28926 alignnone size-medium\" srcset=\"https:\/\/dashochbett.ch\/wp-content\/uploads\/2023\/07\/Team_Mezz-8966-200x300.jpg 200w, https:\/\/dashochbett.ch\/wp-content\/uploads\/2023\/07\/Team_Mezz-8966.jpg 472w\" sizes=\"auto, (max-width: 200px) 100vw, 200px\" \/><\/p>\n<h3 style=\"text-align: center;\">Isaac Gigon<\/h3>\n<p style=\"text-align: center;\">Isaac Gigon - Founder Mezzanines.ch - Management\/Builder<o:p><\/o:p><\/p>\n<h5><strong>Verantwortlich f\u00fcr die Westschweiz<\/strong><\/h5>\n<p style=\"text-align: center;\">Als ausgebildeter Grafikdesigner hat Isaac Gigon schon immer erfolgreich Kreativit\u00e4t und angewandtes technisches Handwerk zusammengebracht. Er ist mit seinem Vater, einem Bootsbauer, auf einem Boot aufgewachsen und erlernte fr\u00fch die Arbeit mit Holz. Seine Leidenschaft f\u00fcr Holz und seine Fertigkeiten wuchsen \u00fcber die Jahre und mit all seinen Erfahrungen.<\/p>\n<p>[\/et_pb_text][\/et_pb_column][\/et_pb_row][\/et_pb_section]<\/p>","protected":false},"excerpt":{"rendered":"<p>KONTAKT &nbsp; Kontaktieren Sie uns, um zu besprechen, wie wir Ihnen bei der Realisierung Ihres Projekts helfen k\u00f6nnen. Um so effizient wie m\u00f6glich zu sein, empfehlen wir Ihnen, einige Informationen vorher vorzubereiten! Daher sollten Sie \u00fcber die Ma\u00dfe Ihres Raumes (H\u00f6he, Breite und L\u00e4nge) sowie die Zusammensetzung der Wand (Beton, Ziegel, Gipskarton) verf\u00fcgen. Nat\u00fcrlich w\u00e4ren [&hellip;]<\/p>","protected":false},"author":1,"featured_media":0,"parent":0,"menu_order":0,"comment_status":"closed","ping_status":"closed","template":"","meta":{"_et_pb_use_builder":"on","_et_pb_old_content":"","_et_gb_content_width":"","_monsterinsights_skip_tracking":false,"_monsterinsights_sitenote_active":false,"_monsterinsights_sitenote_note":"","_monsterinsights_sitenote_category":0,"footnotes":""},"class_list":["post-45","page","type-page","status-publish","hentry"],"_links":{"self":[{"href":"https:\/\/dashochbett.ch\/en\/wp-json\/wp\/v2\/pages\/45","targetHints":{"allow":["GET"]}}],"collection":[{"href":"https:\/\/dashochbett.ch\/en\/wp-json\/wp\/v2\/pages"}],"about":[{"href":"https:\/\/dashochbett.ch\/en\/wp-json\/wp\/v2\/types\/page"}],"author":[{"embeddable":true,"href":"https:\/\/dashochbett.ch\/en\/wp-json\/wp\/v2\/users\/1"}],"replies":[{"embeddable":true,"href":"https:\/\/dashochbett.ch\/en\/wp-json\/wp\/v2\/comments?post=45"}],"version-history":[{"count":19,"href":"https:\/\/dashochbett.ch\/en\/wp-json\/wp\/v2\/pages\/45\/revisions"}],"predecessor-version":[{"id":29100,"href":"https:\/\/dashochbett.ch\/en\/wp-json\/wp\/v2\/pages\/45\/revisions\/29100"}],"wp:attachment":[{"href":"https:\/\/dashochbett.ch\/en\/wp-json\/wp\/v2\/media?parent=45"}],"curies":[{"name":"wp","href":"https:\/\/api.w.org\/{rel}","templated":true}]}}